{"id":2333,"date":"2024-11-18T16:41:07","date_gmt":"2024-11-18T15:41:07","guid":{"rendered":"https:\/\/miradorplayagranada.com\/politica-de-cookies\/"},"modified":"2025-06-02T17:02:01","modified_gmt":"2025-06-02T15:02:01","slug":"politique-matiere-cookies","status":"publish","type":"page","link":"https:\/\/miradorplayagranada.com\/fr\/politique-matiere-cookies\/","title":{"rendered":"Politique en mati\u00e8re de cookies"},"content":{"rendered":"<div class=\"fusion-fullwidth fullwidth-box fusion-builder-row-1 fusion-flex-container nonhundred-percent-fullwidth non-hundred-percent-height-scrolling\" style=\"--link_color: var(--awb-color4);--awb-border-radius-top-left:0px;--awb-border-radius-top-right:0px;--awb-border-radius-bottom-right:0px;--awb-border-radius-bottom-left:0px;--awb-flex-wrap:wrap;\" ><div class=\"fusion-builder-row fusion-row fusion-flex-align-items-flex-start fusion-flex-content-wrap\" style=\"max-width:1248px;margin-left: calc(-4% \/ 2 );margin-right: calc(-4% \/ 2 );\"><div class=\"fusion-layout-column fusion_builder_column fusion-builder-column-0 fusion_builder_column_1_1 1_1 fusion-flex-column\" style=\"--awb-bg-size:cover;--awb-width-large:100%;--awb-margin-top-large:0px;--awb-spacing-right-large:1.92%;--awb-margin-bottom-large:0px;--awb-spacing-left-large:1.92%;--awb-width-medium:100%;--awb-spacing-right-medium:1.92%;--awb-spacing-left-medium:1.92%;--awb-width-small:100%;--awb-spacing-right-small:1.92%;--awb-spacing-left-small:1.92%;\"><div class=\"fusion-column-wrapper fusion-flex-justify-content-flex-start fusion-content-layout-column\"><div class=\"fusion-text fusion-text-1\"><p>Nous nous conformons aux dispositions du 2e\u00a0paragraphe de l\u2019article\u00a022 de la loi\u00a034\/2002 du 11\u00a0juillet, concernant les services de la soci\u00e9t\u00e9 de l\u2019information et le commerce \u00e9lectronique (ci-apr\u00e8s \u00ab\u00a0LSSI\u00a0\u00bb), en lien avec le r\u00e8glement g\u00e9n\u00e9ral sur la protection des donn\u00e9es\u00a0(UE)\u00a02016\/679 du Parlement europ\u00e9en et du Conseil, dat\u00e9 du 27\u00a0avril\u00a02016 (ci-apr\u00e8s \u00ab\u00a0RGPD\u00a0\u00bb), ainsi qu\u2019avec la loi organique\u00a03\/2018 du 5\u00a0d\u00e9cembre, relative \u00e0 la protection des donn\u00e9es et \u00e0 la garantie des droits num\u00e9riques (ci-apr\u00e8s \u00ab\u00a0LOPDGDD\u00a0\u00bb).<\/p>\n<p>Notre site Web utilise des cookies ou des technologies similaires qui stockent et r\u00e9cup\u00e8rent des informations lorsque vous naviguez. En g\u00e9n\u00e9ral, ces technologies peuvent servir \u00e0 de nombreuses fins diff\u00e9rentes, comme vous reconna\u00eetre en tant qu\u2019utilisateur, obtenir des informations sur vos habitudes de navigation ou personnaliser la fa\u00e7on dont le contenu est affich\u00e9. Les utilisations sp\u00e9cifiques que nous faisons de ces technologies sont d\u00e9crites ci-dessous.<\/p>\n<p>La pr\u00e9sente politique en mati\u00e8re de cookies a pour but de vous informer de mani\u00e8re claire et pr\u00e9cise sur les cookies utilis\u00e9s sur notre site\u00a0Web.<\/p>\n<h2>1.\u00a0Que sont les cookies\u00a0? D\u00e9finition et fonction g\u00e9n\u00e9rique.<\/h2>\n<p>Les cookies sont des fichiers qui sont stock\u00e9s sur l\u2019ordinateur de l\u2019utilisateur lorsqu\u2019il navigue sur Internet et qui contiennent, notamment, un num\u00e9ro permettant d\u2019identifier l\u2019ordinateur de l\u2019utilisateur de mani\u00e8re unique, m\u00eame si ce dernier change d\u2019emplacement ou d\u2019adresse IP.<\/p>\n<p>Les cookies sont install\u00e9s lors de la navigation sur Internet, soit par les sites\u00a0Web que vous visitez, soit par des tiers en relation avec le site\u00a0Web, et qui permettent, entre autres, de stocker et de collecter des informations sur vos habitudes de navigation ou sur votre ordinateur et, en fonction des donn\u00e9es qu\u2019ils contiennent et de la mani\u00e8re dont vous utilisez votre ordinateur, ils peuvent \u00eatre utilis\u00e9s pour vous identifier.<\/p>\n<h3>1.1.\u00a0Cat\u00e9gories de cookies<\/h3>\n<h4>1.1.1. Cookies selon l\u2019entit\u00e9 qui les g\u00e8re.<\/h4>\n<p>En fonction de l\u2019entit\u00e9 responsable de la gestion de l\u2019\u00e9quipement ou du domaine d\u2019o\u00f9 proviennent les cookies et qui traite les donn\u00e9es collect\u00e9es, il existe deux cat\u00e9gories de cookies\u00a0:<\/p>\n<ul>\n<li><em>Cookies propres\u00a0:<\/em> ce sont eux qui sont envoy\u00e9s au terminal de l\u2019utilisateur depuis un \u00e9quipement ou un domaine g\u00e9r\u00e9 par le responsable du site lui-m\u00eame et \u00e0 partir duquel le service demand\u00e9 par l\u2019utilisateur est fourni.<\/li>\n<li><em>Cookies de tiers\u00a0:<\/em> ce sont ceux qui sont envoy\u00e9s au terminal de l\u2019utilisateur \u00e0 partir d\u2019un \u00e9quipement ou d\u2019un domaine qui n\u2019est pas g\u00e9r\u00e9 par le responsable du site, mais par une autre entit\u00e9 qui traite les donn\u00e9es collect\u00e9es par le biais des cookies.<br \/>\nDans le cas o\u00f9 les cookies sont install\u00e9s \u00e0 partir d\u2019un \u00e9quipement ou d\u2019un domaine g\u00e9r\u00e9 par l\u2019\u00e9diteur lui-m\u00eame, mais que les informations collect\u00e9es par leur interm\u00e9diaire sont g\u00e9r\u00e9es par un tiers, ils ne peuvent pas \u00eatre consid\u00e9r\u00e9s comme des cookies internes.<\/li>\n<\/ul>\n<h4>1.1.2 Cookies en fonction de leur dur\u00e9e d\u2019activation.<\/h4>\n<p>Il existe \u00e9galement une seconde cat\u00e9gorie en fonction de la dur\u00e9e de conservation des donn\u00e9es dans le navigateur du client. Il peut s\u2019agir de\u00a0:<\/p>\n<ul>\n<li><em>Cookies de session\u00a0<\/em>: il s\u2019agit d\u2019une cat\u00e9gorie de cookies con\u00e7us pour collecter et stocker des donn\u00e9es pendant que l\u2019utilisateur acc\u00e8de \u00e0 une page web. Ils sont habituellement utilis\u00e9s pour stocker des informations qui ne sont pertinentes qu\u2019en vue de la prestation du service demand\u00e9 par l\u2019utilisateur en une seule occasion (par exemple, une liste de produits achet\u00e9s) et sont supprim\u00e9s \u00e0 la fin de la session.<\/li>\n<li><em>Cookies persistants\u00a0<\/em>: il s\u2019agit d\u2019une cat\u00e9gorie de cookie dans lequel les donn\u00e9es restent stock\u00e9es dans le terminal et peuvent \u00eatre consult\u00e9es et trait\u00e9es pendant une p\u00e9riode d\u00e9finie par le responsable du cookie, qui peut aller de quelques minutes \u00e0 plusieurs ann\u00e9es.<\/li>\n<\/ul>\n<h4>1.1.3. Cookies en fonction de leur finalit\u00e9.<\/h4>\n<p>Enfin, il existe d\u2019autres cat\u00e9gories de cookies \u00e0 titre d\u2019exemple, car ce sont les plus courants en fonction de la finalit\u00e9 du traitement des donn\u00e9es collect\u00e9es\u00a0:<\/p>\n<ul>\n<li><em>Cookies techniques\u00a0:<\/em> ce sont ceux qui permettent \u00e0 l\u2019utilisateur de naviguer sur notre site Web et d\u2019utiliser les diff\u00e9rentes options ou services qui y figurent, y compris ceux que l\u2019\u00e9diteur utilise pour permettre la gestion et l\u2019exploitation du site Web et permettre ses fonctions et services. Il peut s\u2019agir, notamment, de contr\u00f4ler le trafic et la communication des donn\u00e9es, d\u2019identifier la session, d\u2019acc\u00e9der aux sections dont l\u2019acc\u00e8s est restreint, de m\u00e9moriser des \u00e9l\u00e9ments qui composent une commande, d\u2019effectuer le processus d\u2019achat d\u2019une commande, de g\u00e9rer le paiement, de contr\u00f4ler les fraudes li\u00e9es \u00e0 la s\u00e9curit\u00e9 du service, d\u2019effectuer la demande d\u2019inscription ou de participation \u00e0 un \u00e9v\u00e9nement, de compter le nombre de visites aux fins de la facturation des licences du logiciel avec lequel le service fonctionne (site Web, plateforme ou application), d\u2019utiliser des dispositifs de s\u00e9curit\u00e9 pendant la navigation, de stocker des contenus pour la diffusion de vid\u00e9os ou de sons, d\u2019activer des contenus dynamiques (par exemple, une animation de chargement de texte ou d\u2019image) ou de partager des contenus par le biais des r\u00e9seaux sociaux.<\/li>\n<li><em>Cookies de pr\u00e9f\u00e9rence ou de personnalisation\u00a0:<\/em> ces cookies permettent de conserver des informations afin que l\u2019utilisateur puisse acc\u00e9der \u00e0 un service avec des caract\u00e9ristiques sp\u00e9cifiques qui personnalisent son exp\u00e9rience, notamment la langue, le nombre de r\u00e9sultats affich\u00e9s lors d\u2019une recherche, l\u2019apparence ou le contenu du service selon le type de navigateur utilis\u00e9 ou la r\u00e9gion d\u2019acc\u00e8s, etc.<\/li>\n<li><em>Cookies d\u2019analyse ou de mesure\u00a0:<\/em> ils permettent au responsable de suivre et d\u2019\u00e9valuer le comportement des utilisateurs sur les sites\u00a0Web auxquels ils sont associ\u00e9s, notamment en mesurant l\u2019impact des publicit\u00e9s. Les informations collect\u00e9es gr\u00e2ce \u00e0 cette cat\u00e9gorie de cookies sont utilis\u00e9es en vue d\u2019\u00e9valuer l\u2019activit\u00e9 des sites\u00a0Web, des applications ou plateformes, et d\u2019\u00e9laborer des profils de navigation des utilisateurs de ces sites, applications et plateformes, dans le but d\u2019introduire des am\u00e9liorations bas\u00e9es sur l\u2019analyse des donn\u00e9es relatives \u00e0 l\u2019utilisation du service par les utilisateurs.<\/li>\n<li><em>Cookies publicitaires\u00a0:<\/em> ils permettent la gestion des espaces publicitaires de la mani\u00e8re la plus efficace possible.<\/li>\n<li><em>Cookies de publicit\u00e9 comportementale\u00a0:<\/em> ils stockent des informations sur le comportement des utilisateurs obtenues par l\u2019observation continue de leurs habitudes de navigation, ce qui permet de d\u00e9velopper un profil sp\u00e9cifique pour afficher la publicit\u00e9 en fonction de celui-ci.<\/li>\n<li><em>Cookies de r\u00e9seaux sociaux\u00a0<\/em>: ils sont utilis\u00e9s afin que les visiteurs puissent interagir avec le contenu des diff\u00e9rentes plateformes sociales (Facebook, YouTube, Twitter, LinkedIn, etc.) et qu\u2019ils soient g\u00e9n\u00e9r\u00e9s uniquement pour les utilisateurs de ces r\u00e9seaux sociaux. Les conditions d\u2019utilisation de ces cookies et les informations collect\u00e9es sont r\u00e9gies par la politique de confidentialit\u00e9 de la plateforme sociale correspondante.<\/li>\n<\/ul>\n<h2>2. QUELLES CAT\u00c9GORIES DE COOKIES UTILISONS-NOUS ET DANS QUEL BUT\u00a0?<\/h2>\n<p>Nous utilisons \u00e0 la fois des cookies internes (cookies propres), cr\u00e9\u00e9s ou g\u00e9r\u00e9s directement par notre entit\u00e9 en tant que responsable de ce site Web, et des cookies tiers, administr\u00e9s par des prestataires externes sp\u00e9cialis\u00e9s dans les services techniques, l\u2019analyse, les r\u00e9seaux sociaux, la personnalisation et la publicit\u00e9, comme expliqu\u00e9 ci-dessous :<\/p>\n<div class=\"cky-audit-table-element\"><\/div>\n<h2>3. INFORMATIONS SUR L\u2019ACCEPTATION, LE REFUS, LA R\u00c9VOCATION DU CONSENTEMENT OU LA SUPPRESSION DES COOKIES<\/h2>\n<p>Vous avez la possibilit\u00e9 d\u2019autoriser ou de bloquer les cookies, ainsi que de supprimer vos donn\u00e9es de navigation (y compris les cookies) du navigateur que vous utilisez. Veuillez vous r\u00e9f\u00e9rer aux options et instructions fournies par votre navigateur \u00e0 cet effet\u00a0: Veuillez noter que si vous acceptez les cookies de tiers, vous devrez les supprimer des options de votre navigateur. La mani\u00e8re de d\u00e9sactiver les cookies varie en fonction du navigateur que vous utilisez. En r\u00e8gle g\u00e9n\u00e9rale, vous pouvez les d\u00e9sactiver \u00e0 partir du menu \u00ab\u00a0Outils\u00a0\u00bb ou \u00ab\u00a0Options\u00a0\u00bb. Vous pouvez \u00e9galement consulter le menu \u00ab\u00a0Aide\u00a0\u00bb de votre navigateur o\u00f9 vous trouverez toutes les instructions \u00e0 suivre.<\/p>\n<p>Vous pouvez choisir \u00e0 tout moment les cookies que vous souhaitez utiliser sur ce site\u00a0Web. Dans les liens suivants, vous trouverez toutes les informations n\u00e9cessaires pour configurer ou d\u00e9sactiver les cookies dans chaque navigateur\u00a0:<\/p>\n<ul>\n<li><a href=\"https:\/\/support.microsoft.com\/es-es\/topic\/eliminar-y-administrar-cookies-168dab11-0753-043d-7c16-ede5947fc64d#ie=ie-11\">Internet Explorer<\/a><\/li>\n<li><a href=\"https:\/\/support.microsoft.com\/es-es\/windows\/microsoft-edge-datos-de-exploraci%C3%B3n-y-privacidad-bb8174ba-9d73-dcf2-9b4a-c582b4e640dd\">Microsoft Edge<\/a><\/li>\n<li><a href=\"https:\/\/support.mozilla.org\/es\/kb\/Borrar%20cookies\">Firefox<\/a><\/li>\n<li><a href=\"https:\/\/support.google.com\/chrome\/answer\/95647?hl=es\">Chrome<\/a><\/li>\n<li><a href=\"https:\/\/support.apple.com\/es-es\/guide\/safari\/sfri11471\/mac\">Safari<\/a><\/li>\n<\/ul>\n<p>&nbsp;<\/p>\n<p>Il existe un module compl\u00e9mentaire de d\u00e9sactivation des cookies de Google\u00a0Analytics pour les navigateurs les plus courants (Microsoft Internet\u00a0Explorer, Google\u00a0Chrome, Mozilla Firefox, Apple\u00a0Safari et Opera) qui facilite l\u2019exclusion de l\u2019installation de ces cookies.<\/p>\n<p>Vous trouverez de plus amples informations \u00e0 l\u2019adresse\u00a0: <a href=\"https:\/\/tools.google.com\/dlpage\/gaoptout?hl=es.\">https:\/\/tools.google.com\/dlpage\/gaoptout?hl=es.<\/a><\/p>\n<p>En outre, vous pouvez \u00e9galement g\u00e9rer le stockage des cookies dans votre navigateur \u00e0 l\u2019aide de diff\u00e9rents outils, tels que les suivants\u00a0:<\/p>\n<p>Ghostery\u00a0: <a href=\"http:\/\/ghostery.com\/\">ghostery.com\/<\/a><br \/>\nYour online choices: <a href=\"http:\/\/youronlinechoices.com\/es\/\">youronlinechoices.com\/es\/<\/a><\/p>\n<h4>3.1. Informations sur le transfert de donn\u00e9es vers des pays tiers.<\/h4>\n<p>Vous pouvez vous renseigner sur les transferts vers des pays tiers qui, le cas \u00e9ch\u00e9ant, sont effectu\u00e9s par les tiers identifi\u00e9s dans la pr\u00e9sente politique de cookies dans leurs politiques correspondantes (voir les liens fournis).<\/p>\n<h2>4. QUE SE PASSE-T-IL SI JE REFUSE L\u2019INSTALLATION DE COOKIES\u00a0?<\/h2>\n<p>Dans ce cas, vous pouvez continuer \u00e0 naviguer, mais certains services peuvent \u00eatre limit\u00e9s ou inaccessibles, ce qui pourrait rendre votre exp\u00e9rience sur notre site Web moins satisfaisante. Vous pouvez les refuser \u00e0 tout moment.<\/p>\n<h2>5. CONSENTEMENT<\/h2>\n<p>Au vu de ces informations, vous pouvez r\u00e9aliser les actions suivantes\u00a0:<\/p>\n<p><strong>POLITIQUE DE COOKIES\u00a0:<\/strong> lien vers la pr\u00e9sente politique de cookies o\u00f9 nous vous trouverez toutes les informations relatives aux cookies que nous utilisons.<\/p>\n<p><strong>ACCEPTER TOUS<\/strong>\u00a0: tous les cookies mentionn\u00e9s ci-dessus sont accept\u00e9s. Le message de notification ne s\u2019affichera plus sur votre navigateur pendant cette session.<\/p>\n<p><strong>REFUSER TOUS<\/strong>\u00a0: tous les cookies sont refus\u00e9s \u00e0 l\u2019exception des cookies n\u00e9cessaires et indispensables \u00e0 la navigation, qui ne peuvent pas \u00eatre d\u00e9sactiv\u00e9s. Le message de notification ne s\u2019affichera plus sur votre navigateur pendant cette session.<\/p>\n<p><strong>PERSONNALISER\u00a0:<\/strong> vous pouvez d\u00e9cider quels cookies accepter ou refuser, et enregistrer vos pr\u00e9f\u00e9rences.<\/p>\n<p>Pour toutes les informations compl\u00e9mentaires exig\u00e9es par la r\u00e9glementation sur la protection des donn\u00e9es, veuillez consulter notre politique de confidentialit\u00e9.<\/p>\n<\/div><\/div><\/div><\/div><\/div>\n","protected":false},"excerpt":{"rendered":"","protected":false},"author":2,"featured_media":0,"parent":0,"menu_order":0,"comment_status":"closed","ping_status":"closed","template":"","meta":{"footnotes":""},"class_list":["post-2333","page","type-page","status-publish","hentry"],"yoast_head":"<!-- This site is optimized with the Yoast SEO plugin v25.6 - https:\/\/yoast.com\/wordpress\/plugins\/seo\/ -->\n<title>Politique en mati\u00e8re de cookies - Mirador Playa Granada<\/title>\n<meta name=\"robots\" content=\"index, follow, max-snippet:-1, max-image-preview:large, max-video-preview:-1\" \/>\n<link rel=\"canonical\" href=\"https:\/\/miradorplayagranada.com\/fr\/politique-matiere-cookies\/\" \/>\n<meta property=\"og:locale\" content=\"fr_FR\" \/>\n<meta property=\"og:type\" content=\"article\" \/>\n<meta property=\"og:title\" content=\"Politique en mati\u00e8re de cookies - Mirador Playa Granada\" \/>\n<meta property=\"og:url\" content=\"https:\/\/miradorplayagranada.com\/fr\/politique-matiere-cookies\/\" \/>\n<meta property=\"og:site_name\" content=\"Mirador Playa Granada\" \/>\n<meta property=\"article:modified_time\" content=\"2025-06-02T15:02:01+00:00\" \/>\n<meta name=\"twitter:card\" content=\"summary_large_image\" \/>\n<meta name=\"twitter:label1\" content=\"Dur\u00e9e de lecture estim\u00e9e\" \/>\n\t<meta name=\"twitter:data1\" content=\"8 minutes\" \/>\n<script type=\"application\/ld+json\" class=\"yoast-schema-graph\">{\"@context\":\"https:\/\/schema.org\",\"@graph\":[{\"@type\":\"WebPage\",\"@id\":\"https:\/\/miradorplayagranada.com\/fr\/politique-matiere-cookies\/\",\"url\":\"https:\/\/miradorplayagranada.com\/fr\/politique-matiere-cookies\/\",\"name\":\"Politique en mati\u00e8re de cookies - Mirador Playa Granada\",\"isPartOf\":{\"@id\":\"https:\/\/miradorplayagranada.com\/fr\/#website\"},\"datePublished\":\"2024-11-18T15:41:07+00:00\",\"dateModified\":\"2025-06-02T15:02:01+00:00\",\"breadcrumb\":{\"@id\":\"https:\/\/miradorplayagranada.com\/fr\/politique-matiere-cookies\/#breadcrumb\"},\"inLanguage\":\"fr-FR\",\"potentialAction\":[{\"@type\":\"ReadAction\",\"target\":[\"https:\/\/miradorplayagranada.com\/fr\/politique-matiere-cookies\/\"]}]},{\"@type\":\"BreadcrumbList\",\"@id\":\"https:\/\/miradorplayagranada.com\/fr\/politique-matiere-cookies\/#breadcrumb\",\"itemListElement\":[{\"@type\":\"ListItem\",\"position\":1,\"name\":\"Portada\",\"item\":\"https:\/\/miradorplayagranada.com\/fr\/\"},{\"@type\":\"ListItem\",\"position\":2,\"name\":\"Politique en mati\u00e8re de cookies\"}]},{\"@type\":\"WebSite\",\"@id\":\"https:\/\/miradorplayagranada.com\/fr\/#website\",\"url\":\"https:\/\/miradorplayagranada.com\/fr\/\",\"name\":\"Mirador Playa Granada\",\"description\":\"Espacio de Eventos en Motril\",\"potentialAction\":[{\"@type\":\"SearchAction\",\"target\":{\"@type\":\"EntryPoint\",\"urlTemplate\":\"https:\/\/miradorplayagranada.com\/fr\/?s={search_term_string}\"},\"query-input\":{\"@type\":\"PropertyValueSpecification\",\"valueRequired\":true,\"valueName\":\"search_term_string\"}}],\"inLanguage\":\"fr-FR\"}]}<\/script>\n<!-- \/ Yoast SEO plugin. -->","yoast_head_json":{"title":"Politique en mati\u00e8re de cookies - Mirador Playa Granada","robots":{"index":"index","follow":"follow","max-snippet":"max-snippet:-1","max-image-preview":"max-image-preview:large","max-video-preview":"max-video-preview:-1"},"canonical":"https:\/\/miradorplayagranada.com\/fr\/politique-matiere-cookies\/","og_locale":"fr_FR","og_type":"article","og_title":"Politique en mati\u00e8re de cookies - Mirador Playa Granada","og_url":"https:\/\/miradorplayagranada.com\/fr\/politique-matiere-cookies\/","og_site_name":"Mirador Playa Granada","article_modified_time":"2025-06-02T15:02:01+00:00","twitter_card":"summary_large_image","twitter_misc":{"Dur\u00e9e de lecture estim\u00e9e":"8 minutes"},"schema":{"@context":"https:\/\/schema.org","@graph":[{"@type":"WebPage","@id":"https:\/\/miradorplayagranada.com\/fr\/politique-matiere-cookies\/","url":"https:\/\/miradorplayagranada.com\/fr\/politique-matiere-cookies\/","name":"Politique en mati\u00e8re de cookies - Mirador Playa Granada","isPartOf":{"@id":"https:\/\/miradorplayagranada.com\/fr\/#website"},"datePublished":"2024-11-18T15:41:07+00:00","dateModified":"2025-06-02T15:02:01+00:00","breadcrumb":{"@id":"https:\/\/miradorplayagranada.com\/fr\/politique-matiere-cookies\/#breadcrumb"},"inLanguage":"fr-FR","potentialAction":[{"@type":"ReadAction","target":["https:\/\/miradorplayagranada.com\/fr\/politique-matiere-cookies\/"]}]},{"@type":"BreadcrumbList","@id":"https:\/\/miradorplayagranada.com\/fr\/politique-matiere-cookies\/#breadcrumb","itemListElement":[{"@type":"ListItem","position":1,"name":"Portada","item":"https:\/\/miradorplayagranada.com\/fr\/"},{"@type":"ListItem","position":2,"name":"Politique en mati\u00e8re de cookies"}]},{"@type":"WebSite","@id":"https:\/\/miradorplayagranada.com\/fr\/#website","url":"https:\/\/miradorplayagranada.com\/fr\/","name":"Mirador Playa Granada","description":"Espacio de Eventos en Motril","potentialAction":[{"@type":"SearchAction","target":{"@type":"EntryPoint","urlTemplate":"https:\/\/miradorplayagranada.com\/fr\/?s={search_term_string}"},"query-input":{"@type":"PropertyValueSpecification","valueRequired":true,"valueName":"search_term_string"}}],"inLanguage":"fr-FR"}]}},"_links":{"self":[{"href":"https:\/\/miradorplayagranada.com\/fr\/wp-json\/wp\/v2\/pages\/2333","targetHints":{"allow":["GET"]}}],"collection":[{"href":"https:\/\/miradorplayagranada.com\/fr\/wp-json\/wp\/v2\/pages"}],"about":[{"href":"https:\/\/miradorplayagranada.com\/fr\/wp-json\/wp\/v2\/types\/page"}],"author":[{"embeddable":true,"href":"https:\/\/miradorplayagranada.com\/fr\/wp-json\/wp\/v2\/users\/2"}],"replies":[{"embeddable":true,"href":"https:\/\/miradorplayagranada.com\/fr\/wp-json\/wp\/v2\/comments?post=2333"}],"version-history":[{"count":4,"href":"https:\/\/miradorplayagranada.com\/fr\/wp-json\/wp\/v2\/pages\/2333\/revisions"}],"predecessor-version":[{"id":2340,"href":"https:\/\/miradorplayagranada.com\/fr\/wp-json\/wp\/v2\/pages\/2333\/revisions\/2340"}],"wp:attachment":[{"href":"https:\/\/miradorplayagranada.com\/fr\/wp-json\/wp\/v2\/media?parent=2333"}],"curies":[{"name":"wp","href":"https:\/\/api.w.org\/{rel}","templated":true}]}}